{"id":1022,"date":"2021-04-15T12:46:55","date_gmt":"2021-04-15T15:46:55","guid":{"rendered":"http:\/\/10.101.10.196\/siisc\/?page_id=1022"},"modified":"2026-05-13T12:25:13","modified_gmt":"2026-05-13T15:25:13","slug":"noticias","status":"publish","type":"page","link":"https:\/\/siisc.fica.unsl.edu.ar\/index.php\/noticias\/","title":{"rendered":"Novedades"},"content":{"rendered":"\t\t<div data-elementor-type=\"wp-page\" data-elementor-id=\"1022\" class=\"elementor elementor-1022\">\n\t\t\t\t\t\t<section class=\"elementor-section elementor-top-section elementor-element elementor-element-35d53fa elementor-section-full_width elementor-section-height-default elementor-section-height-default exad-glass-effect-no exad-sticky-section-no\" data-id=\"35d53fa\" data-element_type=\"section\" data-e-type=\"section\">\n\t\t\t\t\t\t<div class=\"elementor-container elementor-column-gap-default\">\n\t\t\t\t\t<div class=\"elementor-column elementor-col-100 elementor-top-column elementor-element elementor-element-1a03d45 exad-glass-effect-no exad-sticky-section-no\" data-id=\"1a03d45\" data-element_type=\"column\" data-e-type=\"column\">\n\t\t\t<div class=\"elementor-widget-wrap elementor-element-populated\">\n\t\t\t\t\t\t<div class=\"elementor-element elementor-element-7b1e1cb exad-sticky-section-no exad-glass-effect-no elementor-widget elementor-widget-heading\" data-id=\"7b1e1cb\" data-element_type=\"widget\" data-e-type=\"widget\" data-widget_type=\"heading.default\">\n\t\t\t\t<div class=\"elementor-widget-container\">\n\t\t\t\t\t<h2 class=\"elementor-heading-title elementor-size-default\">NOVEDADES<\/h2>\t\t\t\t<\/div>\n\t\t\t\t<\/div>\n\t\t\t\t<section class=\"elementor-section elementor-inner-section elementor-element elementor-element-5a7bef2 elementor-section-full_width elementor-section-height-default elementor-section-height-default exad-glass-effect-no exad-sticky-section-no\" data-id=\"5a7bef2\" data-element_type=\"section\" data-e-type=\"section\">\n\t\t\t\t\t\t<div class=\"elementor-container elementor-column-gap-default\">\n\t\t\t\t\t<div class=\"elementor-column elementor-col-100 elementor-inner-column elementor-element elementor-element-eb764b8 exad-glass-effect-no exad-sticky-section-no\" data-id=\"eb764b8\" data-element_type=\"column\" data-e-type=\"column\">\n\t\t\t<div class=\"elementor-widget-wrap elementor-element-populated\">\n\t\t\t\t\t\t<div class=\"elementor-element elementor-element-8852b34 exad-sticky-section-no exad-glass-effect-no elementor-widget elementor-widget-obfx-posts-grid\" data-id=\"8852b34\" data-element_type=\"widget\" data-e-type=\"widget\" data-widget_type=\"obfx-posts-grid.default\">\n\t\t\t\t<div class=\"elementor-widget-container\">\n\t\t\t\t\t<div class=\"obfx-grid\"><div class=\"obfx-grid-container obfx-grid-desktop-3\"><div class=\"obfx-grid-wrapper\"><article class=\"obfx-grid-col\"><div class=\"obfx-grid-col-image\" style=\"\"><a href=\"https:\/\/siisc.fica.unsl.edu.ar\/index.php\/nuevo-procedimiento-para-tramitar-salidas-con-estudiantes\/\" title=\"Nuevo procedimiento para tramitar salidas con estudiantes\"><img fetchpriority=\"high\" decoding=\"async\" width=\"1061\" height=\"600\" src=\"https:\/\/siisc.fica.unsl.edu.ar\/wp-content\/uploads\/2022\/02\/Salida-a-campo.jpg\" class=\"img-responsive wp-post-image\" alt=\"Salida a campo\" srcset=\"https:\/\/siisc.fica.unsl.edu.ar\/wp-content\/uploads\/2022\/02\/Salida-a-campo.jpg 1061w, https:\/\/siisc.fica.unsl.edu.ar\/wp-content\/uploads\/2022\/02\/Salida-a-campo-300x170.jpg 300w, https:\/\/siisc.fica.unsl.edu.ar\/wp-content\/uploads\/2022\/02\/Salida-a-campo-1024x579.jpg 1024w, https:\/\/siisc.fica.unsl.edu.ar\/wp-content\/uploads\/2022\/02\/Salida-a-campo-768x434.jpg 768w\" sizes=\"(max-width: 1061px) 100vw, 1061px\" \/><\/a><\/div><div class=\"obfx-grid-col-content\">\t\t\t<h2 class=\"entry-title obfx-grid-title\">\n\t\t\t\t\t\t\t<a href=\"https:\/\/siisc.fica.unsl.edu.ar\/index.php\/nuevo-procedimiento-para-tramitar-salidas-con-estudiantes\/\" title=\"Nuevo procedimiento para tramitar salidas con estudiantes\">\n\t\t\t\t\tNuevo procedimiento para tramitar salidas con estudiantes\t\t\t\t<\/a>\n\t\t\t\t\t\t\t<\/h2>\n\t\t\t\t\t\t<div class=\"entry-content obfx-grid-content\">\n\t\t\t\tSecretar\u00eda Administrativa informa que se encuentra vigente la Ordenanza D N\u00ba7\/2021 a partir de la cual se reglament\u00f3 el NUEVO procedimiento a seguir para tramitar&hellip;\t\t\t<\/div>\n\t\t\t<div class=\"obfx-grid-footer\"><a href=\"https:\/\/siisc.fica.unsl.edu.ar\/index.php\/nuevo-procedimiento-para-tramitar-salidas-con-estudiantes\/\" title=\"Leer m\u00e1s\">Leer m\u00e1s<\/a><\/div><\/div><\/article><\/div><div class=\"obfx-grid-wrapper\"><article class=\"obfx-grid-col\"><div class=\"obfx-grid-col-image\" style=\"\"><a href=\"https:\/\/siisc.fica.unsl.edu.ar\/index.php\/cierre-de-ejercicio-2021\/\" title=\"Cierre de ejercicio 2021\"><img decoding=\"async\" width=\"600\" height=\"296\" src=\"https:\/\/siisc.fica.unsl.edu.ar\/wp-content\/uploads\/2021\/11\/Atencion.jpg\" class=\"img-responsive wp-post-image\" alt=\"Atenci\u00f3n\" srcset=\"https:\/\/siisc.fica.unsl.edu.ar\/wp-content\/uploads\/2021\/11\/Atencion.jpg 600w, https:\/\/siisc.fica.unsl.edu.ar\/wp-content\/uploads\/2021\/11\/Atencion-300x148.jpg 300w\" sizes=\"(max-width: 600px) 100vw, 600px\" \/><\/a><\/div><div class=\"obfx-grid-col-content\">\t\t\t<h2 class=\"entry-title obfx-grid-title\">\n\t\t\t\t\t\t\t<a href=\"https:\/\/siisc.fica.unsl.edu.ar\/index.php\/cierre-de-ejercicio-2021\/\" title=\"Cierre de ejercicio 2021\">\n\t\t\t\t\tCierre de ejercicio 2021\t\t\t\t<\/a>\n\t\t\t\t\t\t\t<\/h2>\n\t\t\t\t\t\t<div class=\"entry-content obfx-grid-content\">\n\t\t\t\tSecretar\u00eda Administrativa Informa que, con motivo del cierre de ejercicio, se recibir\u00e1n facturas y vi\u00e1ticos hasta el d\u00eda 15\/11\/21 Sin excepci\u00f3n\t\t\t<\/div>\n\t\t\t<div class=\"obfx-grid-footer\"><a href=\"https:\/\/siisc.fica.unsl.edu.ar\/index.php\/cierre-de-ejercicio-2021\/\" title=\"Leer m\u00e1s\">Leer m\u00e1s<\/a><\/div><\/div><\/article><\/div><div class=\"obfx-grid-wrapper\"><article class=\"obfx-grid-col\"><div class=\"obfx-grid-col-image\" style=\"\"><a href=\"https:\/\/siisc.fica.unsl.edu.ar\/index.php\/datos-para-facturacion-segun-ord-c-s-no-9-19\/\" title=\"DATOS PARA FACTURACI\u00d3N SEG\u00daN ORD. C.S. N\u00ba 9\/19\"><img decoding=\"async\" width=\"1200\" height=\"600\" src=\"https:\/\/siisc.fica.unsl.edu.ar\/wp-content\/uploads\/2021\/10\/requisitos-factura-soporte-costos.png\" class=\"img-responsive wp-post-image\" alt=\"requisitos-factura-soporte-costos\" srcset=\"https:\/\/siisc.fica.unsl.edu.ar\/wp-content\/uploads\/2021\/10\/requisitos-factura-soporte-costos.png 1200w, https:\/\/siisc.fica.unsl.edu.ar\/wp-content\/uploads\/2021\/10\/requisitos-factura-soporte-costos-300x150.png 300w, https:\/\/siisc.fica.unsl.edu.ar\/wp-content\/uploads\/2021\/10\/requisitos-factura-soporte-costos-1024x512.png 1024w, https:\/\/siisc.fica.unsl.edu.ar\/wp-content\/uploads\/2021\/10\/requisitos-factura-soporte-costos-768x384.png 768w\" sizes=\"(max-width: 1200px) 100vw, 1200px\" \/><\/a><\/div><div class=\"obfx-grid-col-content\">\t\t\t<h2 class=\"entry-title obfx-grid-title\">\n\t\t\t\t\t\t\t<a href=\"https:\/\/siisc.fica.unsl.edu.ar\/index.php\/datos-para-facturacion-segun-ord-c-s-no-9-19\/\" title=\"DATOS PARA FACTURACI\u00d3N SEG\u00daN ORD. C.S. N\u00ba 9\/19\">\n\t\t\t\t\tDATOS PARA FACTURACI\u00d3N SEG\u00daN ORD. C.S. N\u00ba 9\/19\t\t\t\t<\/a>\n\t\t\t\t\t\t\t<\/h2>\n\t\t\t\t\t\t<div class=\"entry-content obfx-grid-content\">\n\t\t\t\tVer Ordenanza C.S. N\u00ba 9\/19 Nombre: UNSL o Universidad Nacional de San Luis Domicilio: Ej\u00e9rcito de los Andes 950 \u2013 San Luis CUIT: 30-57735753-2 Condici\u00f3n&hellip;\t\t\t<\/div>\n\t\t\t<div class=\"obfx-grid-footer\"><a href=\"https:\/\/siisc.fica.unsl.edu.ar\/index.php\/datos-para-facturacion-segun-ord-c-s-no-9-19\/\" title=\"Leer m\u00e1s\">Leer m\u00e1s<\/a><\/div><\/div><\/article><\/div><div class=\"obfx-grid-wrapper\"><article class=\"obfx-grid-col\"><div class=\"obfx-grid-col-image\" style=\"\"><a href=\"https:\/\/siisc.fica.unsl.edu.ar\/index.php\/bienes-disponibles-para-su-retiro-a-partir-del-18-10-21\/\" title=\"BIENES DISPONIBLES PARA SU RETIRO A PARTIR DEL 21\/10\/21\"><img loading=\"lazy\" decoding=\"async\" width=\"600\" height=\"340\" src=\"https:\/\/siisc.fica.unsl.edu.ar\/wp-content\/uploads\/2021\/10\/lib-y-pap-2.png\" class=\"img-responsive wp-post-image\" alt=\"lib y pap-2\" srcset=\"https:\/\/siisc.fica.unsl.edu.ar\/wp-content\/uploads\/2021\/10\/lib-y-pap-2.png 600w, https:\/\/siisc.fica.unsl.edu.ar\/wp-content\/uploads\/2021\/10\/lib-y-pap-2-300x170.png 300w\" sizes=\"(max-width: 600px) 100vw, 600px\" \/><\/a><\/div><div class=\"obfx-grid-col-content\">\t\t\t<h2 class=\"entry-title obfx-grid-title\">\n\t\t\t\t\t\t\t<a href=\"https:\/\/siisc.fica.unsl.edu.ar\/index.php\/bienes-disponibles-para-su-retiro-a-partir-del-18-10-21\/\" title=\"BIENES DISPONIBLES PARA SU RETIRO A PARTIR DEL 21\/10\/21\">\n\t\t\t\t\tBIENES DISPONIBLES PARA SU RETIRO A PARTIR DEL 21\/10\/21\t\t\t\t<\/a>\n\t\t\t\t\t\t\t<\/h2>\n\t\t\t\t\t\t<div class=\"entry-content obfx-grid-content\">\n\t\t\t\tO.C 277\/21: Tintas y Tonner Destinatarios: Decanato Ingenier\u00eda Cs. B\u00e1sicas Cs. Agropecuarias O.C 278\/21: Librer\u00eda y Papeler\u00eda Destinatarios: Decanato Ingenier\u00eda Cs. B\u00e1sicas Cs. Agropecuarias O.C&hellip;\t\t\t<\/div>\n\t\t\t<div class=\"obfx-grid-footer\"><a href=\"https:\/\/siisc.fica.unsl.edu.ar\/index.php\/bienes-disponibles-para-su-retiro-a-partir-del-18-10-21\/\" title=\"Leer m\u00e1s\">Leer m\u00e1s<\/a><\/div><\/div><\/article><\/div>\t\t\t\t<div class=\"obfx-grid-pagination\">\n\t\t\t\t\t\t\t\t\t\t<nav class=\"pagination\">\n\t\t\t\t\t\t\t\t\t\t\t<\/nav>\n\t\t\t\t<\/div>\n\t\t\t\t<\/div><!-- .obfx-grid-container --><\/div><!-- .obfx-grid -->\t\t\t\t<\/div>\n\t\t\t\t<\/div>\n\t\t\t\t\t<\/div>\n\t\t<\/div>\n\t\t\t\t\t<\/div>\n\t\t<\/section>\n\t\t\t\t\t<\/div>\n\t\t<\/div>\n\t\t\t\t\t<\/div>\n\t\t<\/section>\n\t\t\t\t<section class=\"elementor-section elementor-top-section elementor-element elementor-element-c20282d elementor-section-boxed elementor-section-height-default elementor-section-height-default exad-glass-effect-no exad-sticky-section-no\" data-id=\"c20282d\" data-element_type=\"section\" data-e-type=\"section\">\n\t\t\t\t\t\t<div class=\"elementor-container elementor-column-gap-default\">\n\t\t\t\t\t<div class=\"elementor-column elementor-col-100 elementor-top-column elementor-element elementor-element-8e98469 exad-glass-effect-no exad-sticky-section-no\" data-id=\"8e98469\" data-element_type=\"column\" data-e-type=\"column\">\n\t\t\t<div class=\"elementor-widget-wrap elementor-element-populated\">\n\t\t\t\t\t\t<div class=\"elementor-element elementor-element-cd05470 exad-sticky-section-no exad-glass-effect-no elementor-widget elementor-widget-spacer\" data-id=\"cd05470\" data-element_type=\"widget\" data-e-type=\"widget\" data-widget_type=\"spacer.default\">\n\t\t\t\t<div class=\"elementor-widget-container\">\n\t\t\t\t\t\t\t<div class=\"elementor-spacer\">\n\t\t\t<div class=\"elementor-spacer-inner\"><\/div>\n\t\t<\/div>\n\t\t\t\t\t\t<\/div>\n\t\t\t\t<\/div>\n\t\t\t\t\t<\/div>\n\t\t<\/div>\n\t\t\t\t\t<\/div>\n\t\t<\/section>\n\t\t\t\t<\/div>\n\t\t","protected":false},"excerpt":{"rendered":"<p>NOVEDADES Nuevo procedimiento para tramitar salidas con estudiantes Secretar\u00eda Administrativa informa que se encuentra vigente la Ordenanza D N\u00ba7\/2021 a partir de la cual se&hellip;<\/p>\n","protected":false},"author":4,"featured_media":0,"parent":0,"menu_order":0,"comment_status":"closed","ping_status":"closed","template":"elementor_header_footer","meta":{"_monsterinsights_skip_tracking":false,"_monsterinsights_sitenote_active":false,"_monsterinsights_sitenote_note":"","_monsterinsights_sitenote_category":0,"footnotes":""},"class_list":["post-1022","page","type-page","status-publish","hentry"],"yoast_head":"<!-- This site is optimized with the Yoast SEO plugin v27.6 - https:\/\/yoast.com\/product\/yoast-seo-wordpress\/ -->\n<title>Novedades - Subsecretar\u00eda de Infraestructura, Inform\u00e1tica y Servicios Comunes<\/title>\n<meta name=\"robots\" content=\"index, follow, max-snippet:-1, max-image-preview:large, max-video-preview:-1\" \/>\n<link rel=\"canonical\" href=\"https:\/\/siisc.fica.unsl.edu.ar\/index.php\/noticias\/\" \/>\n<meta property=\"og:locale\" content=\"es_ES\" \/>\n<meta property=\"og:type\" content=\"article\" \/>\n<meta property=\"og:title\" content=\"Novedades - Subsecretar\u00eda de Infraestructura, Inform\u00e1tica y Servicios Comunes\" \/>\n<meta property=\"og:description\" content=\"NOVEDADES Nuevo procedimiento para tramitar salidas con estudiantes Secretar\u00eda Administrativa informa que se encuentra vigente la Ordenanza D N\u00ba7\/2021 a partir de la cual se&hellip;\" \/>\n<meta property=\"og:url\" content=\"https:\/\/siisc.fica.unsl.edu.ar\/index.php\/noticias\/\" \/>\n<meta property=\"og:site_name\" content=\"Subsecretar\u00eda de Infraestructura, Inform\u00e1tica y Servicios Comunes\" \/>\n<meta property=\"article:modified_time\" content=\"2026-05-13T15:25:13+00:00\" \/>\n<meta property=\"og:image\" content=\"https:\/\/siisc.fica.unsl.edu.ar\/wp-content\/uploads\/2022\/02\/Salida-a-campo.jpg\" \/>\n<meta name=\"twitter:card\" content=\"summary_large_image\" \/>\n<meta name=\"twitter:label1\" content=\"Tiempo de lectura\" \/>\n\t<meta name=\"twitter:data1\" content=\"2 minutos\" \/>\n<script type=\"application\/ld+json\" class=\"yoast-schema-graph\">{\"@context\":\"https:\\\/\\\/schema.org\",\"@graph\":[{\"@type\":\"WebPage\",\"@id\":\"https:\\\/\\\/siisc.fica.unsl.edu.ar\\\/index.php\\\/noticias\\\/\",\"url\":\"https:\\\/\\\/siisc.fica.unsl.edu.ar\\\/index.php\\\/noticias\\\/\",\"name\":\"Novedades - Subsecretar\u00eda de Infraestructura, Inform\u00e1tica y Servicios Comunes\",\"isPartOf\":{\"@id\":\"https:\\\/\\\/siisc.fica.unsl.edu.ar\\\/#website\"},\"primaryImageOfPage\":{\"@id\":\"https:\\\/\\\/siisc.fica.unsl.edu.ar\\\/index.php\\\/noticias\\\/#primaryimage\"},\"image\":{\"@id\":\"https:\\\/\\\/siisc.fica.unsl.edu.ar\\\/index.php\\\/noticias\\\/#primaryimage\"},\"thumbnailUrl\":\"https:\\\/\\\/siisc.fica.unsl.edu.ar\\\/wp-content\\\/uploads\\\/2022\\\/02\\\/Salida-a-campo.jpg\",\"datePublished\":\"2021-04-15T15:46:55+00:00\",\"dateModified\":\"2026-05-13T15:25:13+00:00\",\"breadcrumb\":{\"@id\":\"https:\\\/\\\/siisc.fica.unsl.edu.ar\\\/index.php\\\/noticias\\\/#breadcrumb\"},\"inLanguage\":\"es-AR\",\"potentialAction\":[{\"@type\":\"ReadAction\",\"target\":[\"https:\\\/\\\/siisc.fica.unsl.edu.ar\\\/index.php\\\/noticias\\\/\"]}]},{\"@type\":\"ImageObject\",\"inLanguage\":\"es-AR\",\"@id\":\"https:\\\/\\\/siisc.fica.unsl.edu.ar\\\/index.php\\\/noticias\\\/#primaryimage\",\"url\":\"https:\\\/\\\/siisc.fica.unsl.edu.ar\\\/wp-content\\\/uploads\\\/2022\\\/02\\\/Salida-a-campo.jpg\",\"contentUrl\":\"https:\\\/\\\/siisc.fica.unsl.edu.ar\\\/wp-content\\\/uploads\\\/2022\\\/02\\\/Salida-a-campo.jpg\",\"width\":1061,\"height\":600},{\"@type\":\"BreadcrumbList\",\"@id\":\"https:\\\/\\\/siisc.fica.unsl.edu.ar\\\/index.php\\\/noticias\\\/#breadcrumb\",\"itemListElement\":[{\"@type\":\"ListItem\",\"position\":1,\"name\":\"Inicio\",\"item\":\"https:\\\/\\\/siisc.fica.unsl.edu.ar\\\/\"},{\"@type\":\"ListItem\",\"position\":2,\"name\":\"Novedades\"}]},{\"@type\":\"WebSite\",\"@id\":\"https:\\\/\\\/siisc.fica.unsl.edu.ar\\\/#website\",\"url\":\"https:\\\/\\\/siisc.fica.unsl.edu.ar\\\/\",\"name\":\"Subsecretar\u00eda de Infraestructura, Inform\u00e1tica y Servicios Comunes\",\"description\":\"SIISC\",\"publisher\":{\"@id\":\"https:\\\/\\\/siisc.fica.unsl.edu.ar\\\/#organization\"},\"potentialAction\":[{\"@type\":\"SearchAction\",\"target\":{\"@type\":\"EntryPoint\",\"urlTemplate\":\"https:\\\/\\\/siisc.fica.unsl.edu.ar\\\/?s={search_term_string}\"},\"query-input\":{\"@type\":\"PropertyValueSpecification\",\"valueRequired\":true,\"valueName\":\"search_term_string\"}}],\"inLanguage\":\"es-AR\"},{\"@type\":\"Organization\",\"@id\":\"https:\\\/\\\/siisc.fica.unsl.edu.ar\\\/#organization\",\"name\":\"SAC- Secretar\u00eda Administrativa FICA\",\"url\":\"https:\\\/\\\/siisc.fica.unsl.edu.ar\\\/\",\"logo\":{\"@type\":\"ImageObject\",\"inLanguage\":\"es-AR\",\"@id\":\"https:\\\/\\\/siisc.fica.unsl.edu.ar\\\/#\\\/schema\\\/logo\\\/image\\\/\",\"url\":\"https:\\\/\\\/i1.wp.com\\\/sad.fica.unsl.edu.ar\\\/wp-content\\\/uploads\\\/2021\\\/05\\\/SAD-logo.png?fit=4483%2C1231\",\"contentUrl\":\"https:\\\/\\\/i1.wp.com\\\/sad.fica.unsl.edu.ar\\\/wp-content\\\/uploads\\\/2021\\\/05\\\/SAD-logo.png?fit=4483%2C1231\",\"width\":4483,\"height\":1231,\"caption\":\"SAC- Secretar\u00eda Administrativa FICA\"},\"image\":{\"@id\":\"https:\\\/\\\/siisc.fica.unsl.edu.ar\\\/#\\\/schema\\\/logo\\\/image\\\/\"}}]}<\/script>\n<!-- \/ Yoast SEO plugin. -->","yoast_head_json":{"title":"Novedades - Subsecretar\u00eda de Infraestructura, Inform\u00e1tica y Servicios Comunes","robots":{"index":"index","follow":"follow","max-snippet":"max-snippet:-1","max-image-preview":"max-image-preview:large","max-video-preview":"max-video-preview:-1"},"canonical":"https:\/\/siisc.fica.unsl.edu.ar\/index.php\/noticias\/","og_locale":"es_ES","og_type":"article","og_title":"Novedades - Subsecretar\u00eda de Infraestructura, Inform\u00e1tica y Servicios Comunes","og_description":"NOVEDADES Nuevo procedimiento para tramitar salidas con estudiantes Secretar\u00eda Administrativa informa que se encuentra vigente la Ordenanza D N\u00ba7\/2021 a partir de la cual se&hellip;","og_url":"https:\/\/siisc.fica.unsl.edu.ar\/index.php\/noticias\/","og_site_name":"Subsecretar\u00eda de Infraestructura, Inform\u00e1tica y Servicios Comunes","article_modified_time":"2026-05-13T15:25:13+00:00","og_image":[{"url":"https:\/\/siisc.fica.unsl.edu.ar\/wp-content\/uploads\/2022\/02\/Salida-a-campo.jpg","type":"","width":"","height":""}],"twitter_card":"summary_large_image","twitter_misc":{"Tiempo de lectura":"2 minutos"},"schema":{"@context":"https:\/\/schema.org","@graph":[{"@type":"WebPage","@id":"https:\/\/siisc.fica.unsl.edu.ar\/index.php\/noticias\/","url":"https:\/\/siisc.fica.unsl.edu.ar\/index.php\/noticias\/","name":"Novedades - Subsecretar\u00eda de Infraestructura, Inform\u00e1tica y Servicios Comunes","isPartOf":{"@id":"https:\/\/siisc.fica.unsl.edu.ar\/#website"},"primaryImageOfPage":{"@id":"https:\/\/siisc.fica.unsl.edu.ar\/index.php\/noticias\/#primaryimage"},"image":{"@id":"https:\/\/siisc.fica.unsl.edu.ar\/index.php\/noticias\/#primaryimage"},"thumbnailUrl":"https:\/\/siisc.fica.unsl.edu.ar\/wp-content\/uploads\/2022\/02\/Salida-a-campo.jpg","datePublished":"2021-04-15T15:46:55+00:00","dateModified":"2026-05-13T15:25:13+00:00","breadcrumb":{"@id":"https:\/\/siisc.fica.unsl.edu.ar\/index.php\/noticias\/#breadcrumb"},"inLanguage":"es-AR","potentialAction":[{"@type":"ReadAction","target":["https:\/\/siisc.fica.unsl.edu.ar\/index.php\/noticias\/"]}]},{"@type":"ImageObject","inLanguage":"es-AR","@id":"https:\/\/siisc.fica.unsl.edu.ar\/index.php\/noticias\/#primaryimage","url":"https:\/\/siisc.fica.unsl.edu.ar\/wp-content\/uploads\/2022\/02\/Salida-a-campo.jpg","contentUrl":"https:\/\/siisc.fica.unsl.edu.ar\/wp-content\/uploads\/2022\/02\/Salida-a-campo.jpg","width":1061,"height":600},{"@type":"BreadcrumbList","@id":"https:\/\/siisc.fica.unsl.edu.ar\/index.php\/noticias\/#breadcrumb","itemListElement":[{"@type":"ListItem","position":1,"name":"Inicio","item":"https:\/\/siisc.fica.unsl.edu.ar\/"},{"@type":"ListItem","position":2,"name":"Novedades"}]},{"@type":"WebSite","@id":"https:\/\/siisc.fica.unsl.edu.ar\/#website","url":"https:\/\/siisc.fica.unsl.edu.ar\/","name":"Subsecretar\u00eda de Infraestructura, Inform\u00e1tica y Servicios Comunes","description":"SIISC","publisher":{"@id":"https:\/\/siisc.fica.unsl.edu.ar\/#organization"},"potentialAction":[{"@type":"SearchAction","target":{"@type":"EntryPoint","urlTemplate":"https:\/\/siisc.fica.unsl.edu.ar\/?s={search_term_string}"},"query-input":{"@type":"PropertyValueSpecification","valueRequired":true,"valueName":"search_term_string"}}],"inLanguage":"es-AR"},{"@type":"Organization","@id":"https:\/\/siisc.fica.unsl.edu.ar\/#organization","name":"SAC- Secretar\u00eda Administrativa FICA","url":"https:\/\/siisc.fica.unsl.edu.ar\/","logo":{"@type":"ImageObject","inLanguage":"es-AR","@id":"https:\/\/siisc.fica.unsl.edu.ar\/#\/schema\/logo\/image\/","url":"https:\/\/i1.wp.com\/sad.fica.unsl.edu.ar\/wp-content\/uploads\/2021\/05\/SAD-logo.png?fit=4483%2C1231","contentUrl":"https:\/\/i1.wp.com\/sad.fica.unsl.edu.ar\/wp-content\/uploads\/2021\/05\/SAD-logo.png?fit=4483%2C1231","width":4483,"height":1231,"caption":"SAC- Secretar\u00eda Administrativa FICA"},"image":{"@id":"https:\/\/siisc.fica.unsl.edu.ar\/#\/schema\/logo\/image\/"}}]}},"_links":{"self":[{"href":"https:\/\/siisc.fica.unsl.edu.ar\/index.php\/wp-json\/wp\/v2\/pages\/1022","targetHints":{"allow":["GET"]}}],"collection":[{"href":"https:\/\/siisc.fica.unsl.edu.ar\/index.php\/wp-json\/wp\/v2\/pages"}],"about":[{"href":"https:\/\/siisc.fica.unsl.edu.ar\/index.php\/wp-json\/wp\/v2\/types\/page"}],"author":[{"embeddable":true,"href":"https:\/\/siisc.fica.unsl.edu.ar\/index.php\/wp-json\/wp\/v2\/users\/4"}],"replies":[{"embeddable":true,"href":"https:\/\/siisc.fica.unsl.edu.ar\/index.php\/wp-json\/wp\/v2\/comments?post=1022"}],"version-history":[{"count":26,"href":"https:\/\/siisc.fica.unsl.edu.ar\/index.php\/wp-json\/wp\/v2\/pages\/1022\/revisions"}],"predecessor-version":[{"id":1590,"href":"https:\/\/siisc.fica.unsl.edu.ar\/index.php\/wp-json\/wp\/v2\/pages\/1022\/revisions\/1590"}],"wp:attachment":[{"href":"https:\/\/siisc.fica.unsl.edu.ar\/index.php\/wp-json\/wp\/v2\/media?parent=1022"}],"curies":[{"name":"wp","href":"https:\/\/api.w.org\/{rel}","templated":true}]}}