{"id":1164,"date":"2021-05-06T11:38:22","date_gmt":"2021-05-06T14:38:22","guid":{"rendered":"http:\/\/10.101.10.196\/siisc\/?page_id=1164"},"modified":"2022-03-31T08:26:23","modified_gmt":"2022-03-31T11:26:23","slug":"viaticos","status":"publish","type":"page","link":"https:\/\/siisc.fica.unsl.edu.ar\/index.php\/viaticos\/","title":{"rendered":"Vi\u00e1ticos"},"content":{"rendered":"\t\t<div data-elementor-type=\"wp-page\" data-elementor-id=\"1164\" class=\"elementor elementor-1164\">\n\t\t\t\t\t\t<section class=\"elementor-section elementor-top-section elementor-element elementor-element-ef4e20c elementor-section-full_width elementor-section-height-default elementor-section-height-default exad-glass-effect-no exad-sticky-section-no\" data-id=\"ef4e20c\" data-element_type=\"section\" data-e-type=\"section\" data-settings=\"{&quot;background_background&quot;:&quot;classic&quot;}\">\n\t\t\t\t\t\t\t<div class=\"elementor-background-overlay\"><\/div>\n\t\t\t\t\t\t\t<div class=\"elementor-container elementor-column-gap-default\">\n\t\t\t\t\t<div class=\"elementor-column elementor-col-100 elementor-top-column elementor-element elementor-element-44347d5 exad-glass-effect-no exad-sticky-section-no\" data-id=\"44347d5\" data-element_type=\"column\" data-e-type=\"column\" data-settings=\"{&quot;background_background&quot;:&quot;classic&quot;}\">\n\t\t\t<div class=\"elementor-widget-wrap elementor-element-populated\">\n\t\t\t\t\t\t<section class=\"elementor-section elementor-inner-section elementor-element elementor-element-8bf4a48 elementor-section-boxed elementor-section-height-default elementor-section-height-default exad-glass-effect-no exad-sticky-section-no\" data-id=\"8bf4a48\" data-element_type=\"section\" data-e-type=\"section\">\n\t\t\t\t\t\t<div class=\"elementor-container elementor-column-gap-no\">\n\t\t\t\t\t<div class=\"elementor-column elementor-col-25 elementor-inner-column elementor-element elementor-element-a5cf4da exad-glass-effect-no exad-sticky-section-no\" data-id=\"a5cf4da\" data-element_type=\"column\" data-e-type=\"column\">\n\t\t\t<div class=\"elementor-widget-wrap elementor-element-populated\">\n\t\t\t\t\t\t<div class=\"elementor-element elementor-element-72b2cc4 exad-sticky-section-no exad-glass-effect-no elementor-widget elementor-widget-button\" data-id=\"72b2cc4\" data-element_type=\"widget\" data-e-type=\"widget\" data-widget_type=\"button.default\">\n\t\t\t\t<div class=\"elementor-widget-container\">\n\t\t\t\t\t\t\t\t\t<div class=\"elementor-button-wrapper\">\n\t\t\t\t\t<a class=\"elementor-button elementor-size-sm\" role=\"button\">\n\t\t\t\t\t\t<span class=\"elementor-button-content-wrapper\">\n\t\t\t\t\t\t\t\t\t<span class=\"elementor-button-text\">VI\u00c1TICOS<\/span>\n\t\t\t\t\t<\/span>\n\t\t\t\t\t<\/a>\n\t\t\t\t<\/div>\n\t\t\t\t\t\t\t\t<\/div>\n\t\t\t\t<\/div>\n\t\t\t\t\t<\/div>\n\t\t<\/div>\n\t\t\t\t<div class=\"elementor-column elementor-col-25 elementor-inner-column elementor-element elementor-element-44b2a8d exad-glass-effect-no exad-sticky-section-no\" data-id=\"44b2a8d\" data-element_type=\"column\" data-e-type=\"column\">\n\t\t\t<div class=\"elementor-widget-wrap elementor-element-populated\">\n\t\t\t\t\t\t<div class=\"elementor-element elementor-element-b6ba73e elementor-align-right exad-sticky-section-no exad-glass-effect-no elementor-widget elementor-widget-button\" data-id=\"b6ba73e\" data-element_type=\"widget\" data-e-type=\"widget\" data-widget_type=\"button.default\">\n\t\t\t\t<div class=\"elementor-widget-container\">\n\t\t\t\t\t\t\t\t\t<div class=\"elementor-button-wrapper\">\n\t\t\t\t\t<a class=\"elementor-button elementor-button-link elementor-size-sm\" href=\"https:\/\/siisc.fica.unsl.edu.ar\/archivos\/RES_2327_14.pdf\">\n\t\t\t\t\t\t<span class=\"elementor-button-content-wrapper\">\n\t\t\t\t\t\t\t\t\t<span class=\"elementor-button-text\">Resoluci\u00f3n N\u00ba 2327\/14<\/span>\n\t\t\t\t\t<\/span>\n\t\t\t\t\t<\/a>\n\t\t\t\t<\/div>\n\t\t\t\t\t\t\t\t<\/div>\n\t\t\t\t<\/div>\n\t\t\t\t\t<\/div>\n\t\t<\/div>\n\t\t\t\t<div class=\"elementor-column elementor-col-25 elementor-inner-column elementor-element elementor-element-0b591b0 exad-glass-effect-no exad-sticky-section-no\" data-id=\"0b591b0\" data-element_type=\"column\" data-e-type=\"column\">\n\t\t\t<div class=\"elementor-widget-wrap elementor-element-populated\">\n\t\t\t\t\t\t<div class=\"elementor-element elementor-element-631339e elementor-align-right exad-sticky-section-no exad-glass-effect-no elementor-widget elementor-widget-button\" data-id=\"631339e\" data-element_type=\"widget\" data-e-type=\"widget\" data-widget_type=\"button.default\">\n\t\t\t\t<div class=\"elementor-widget-container\">\n\t\t\t\t\t\t\t\t\t<div class=\"elementor-button-wrapper\">\n\t\t\t\t\t<a class=\"elementor-button elementor-button-link elementor-size-sm\" href=\"https:\/\/siisc.fica.unsl.edu.ar\/wp-content\/uploads\/2022\/03\/RR-105-22-Actualizacion-Valores-Viaticos.pdf\" target=\"_blank\">\n\t\t\t\t\t\t<span class=\"elementor-button-content-wrapper\">\n\t\t\t\t\t\t\t\t\t<span class=\"elementor-button-text\">Resoluci\u00f3n N\u00ba 105\/22<\/span>\n\t\t\t\t\t<\/span>\n\t\t\t\t\t<\/a>\n\t\t\t\t<\/div>\n\t\t\t\t\t\t\t\t<\/div>\n\t\t\t\t<\/div>\n\t\t\t\t\t<\/div>\n\t\t<\/div>\n\t\t\t\t<div class=\"elementor-column elementor-col-25 elementor-inner-column elementor-element elementor-element-13485f2 exad-glass-effect-no exad-sticky-section-no\" data-id=\"13485f2\" data-element_type=\"column\" data-e-type=\"column\">\n\t\t\t<div class=\"elementor-widget-wrap elementor-element-populated\">\n\t\t\t\t\t\t<div class=\"elementor-element elementor-element-032b86a elementor-align-right exad-sticky-section-no exad-glass-effect-no elementor-widget elementor-widget-button\" data-id=\"032b86a\" data-element_type=\"widget\" data-e-type=\"widget\" data-widget_type=\"button.default\">\n\t\t\t\t<div class=\"elementor-widget-container\">\n\t\t\t\t\t\t\t\t\t<div class=\"elementor-button-wrapper\">\n\t\t\t\t\t<a class=\"elementor-button elementor-button-link elementor-size-sm\" href=\"https:\/\/siisc.fica.unsl.edu.ar\/archivos\/Solicitud%20de%20Vi%c3%a1ticos-Form.docx\">\n\t\t\t\t\t\t<span class=\"elementor-button-content-wrapper\">\n\t\t\t\t\t\t\t\t\t<span class=\"elementor-button-text\">Descargar Formulario<\/span>\n\t\t\t\t\t<\/span>\n\t\t\t\t\t<\/a>\n\t\t\t\t<\/div>\n\t\t\t\t\t\t\t\t<\/div>\n\t\t\t\t<\/div>\n\t\t\t\t\t<\/div>\n\t\t<\/div>\n\t\t\t\t\t<\/div>\n\t\t<\/section>\n\t\t\t\t<section class=\"elementor-section elementor-inner-section elementor-element elementor-element-a8e56fb elementor-section-full_width elementor-section-height-default elementor-section-height-default exad-glass-effect-no exad-sticky-section-no\" data-id=\"a8e56fb\" data-element_type=\"section\" data-e-type=\"section\">\n\t\t\t\t\t\t<div class=\"elementor-container elementor-column-gap-no\">\n\t\t\t\t\t<div class=\"elementor-column elementor-col-100 elementor-inner-column elementor-element elementor-element-8859d1c exad-glass-effect-no exad-sticky-section-no\" data-id=\"8859d1c\" data-element_type=\"column\" data-e-type=\"column\">\n\t\t\t<div class=\"elementor-widget-wrap elementor-element-populated\">\n\t\t\t\t\t\t<div class=\"elementor-element elementor-element-b0e2e68 exad-sticky-section-no exad-glass-effect-no elementor-widget elementor-widget-text-editor\" data-id=\"b0e2e68\" data-element_type=\"widget\" data-e-type=\"widget\" data-widget_type=\"text-editor.default\">\n\t\t\t\t<div class=\"elementor-widget-container\">\n\t\t\t\t\t\t\t\t\t<p><strong>Montos a abonar en concepto de vi\u00e1tico diario<\/strong><\/p><table border=\"1\" width=\"563\"><tbody><tr><td width=\"242\"><b>Sector<\/b><\/td><td width=\"188\"><b>Dedicaci\u00f3n<\/b><\/td><td width=\"133\"><b>Vi\u00e1tico Diario<\/b><\/td><\/tr><tr><td width=\"242\">Autoridades Superiores<\/td><td width=\"188\">Exclusiva<\/td><td width=\"133\">$ 3.500,00<\/td><\/tr><tr><td width=\"242\">Personal Docente<\/td><td width=\"188\">Exclusiva<\/td><td width=\"133\"><span style=\"font-size: 14.4px; background-color: #f7f7f7;\">$ 2.500,00<\/span><\/td><\/tr><tr><td width=\"242\">Personal Docente<\/td><td width=\"188\">Semi-Exclusiva y Simple<\/td><td width=\"133\"><span style=\"font-size: 14.4px;\">$ 2.500,00<\/span><\/td><\/tr><tr><td width=\"242\">Personal Docente (por hs.)<\/td><td width=\"188\">\u00a0<\/td><td width=\"133\"><span style=\"font-size: 14.4px; background-color: #f7f7f7;\">$ 2.500,00<\/span><\/td><\/tr><tr><td width=\"242\">Personal Docente Primaria<\/td><td width=\"188\">\u00a0<\/td><td width=\"133\"><span style=\"font-size: 14.4px;\">$ 2.500,00<\/span><\/td><\/tr><tr><td width=\"242\">Personal Docente Secundaria<\/td><td width=\"188\">\u00a0<\/td><td width=\"133\"><span style=\"font-size: 14.4px; background-color: #f7f7f7;\">$ 2.500,00<\/span><\/td><\/tr><tr><td width=\"242\">Personal No Docente<\/td><td width=\"188\">Todas las categor\u00edas<\/td><td width=\"133\"><span style=\"font-size: 14.4px;\">$ 2.500,00<\/span><\/td><\/tr><tr><td width=\"242\">Otros<\/td><td width=\"188\">\u00a0<\/td><td width=\"133\"><span style=\"font-size: 14.4px; background-color: #f7f7f7;\">$ 2.500,00<\/span><\/td><\/tr><\/tbody><\/table>\t\t\t\t\t\t\t\t<\/div>\n\t\t\t\t<\/div>\n\t\t\t\t\t<\/div>\n\t\t<\/div>\n\t\t\t\t\t<\/div>\n\t\t<\/section>\n\t\t\t\t\t<\/div>\n\t\t<\/div>\n\t\t\t\t\t<\/div>\n\t\t<\/section>\n\t\t\t\t<section class=\"elementor-section elementor-top-section elementor-element elementor-element-00d5b70 elementor-section-boxed elementor-section-height-default elementor-section-height-default exad-glass-effect-no exad-sticky-section-no\" data-id=\"00d5b70\" data-element_type=\"section\" data-e-type=\"section\">\n\t\t\t\t\t\t<div class=\"elementor-container elementor-column-gap-default\">\n\t\t\t\t\t<div class=\"elementor-column elementor-col-100 elementor-top-column elementor-element elementor-element-285e66b exad-glass-effect-no exad-sticky-section-no\" data-id=\"285e66b\" data-element_type=\"column\" data-e-type=\"column\">\n\t\t\t<div class=\"elementor-widget-wrap elementor-element-populated\">\n\t\t\t\t\t\t<div class=\"elementor-element elementor-element-19c81e6 exad-sticky-section-no exad-glass-effect-no elementor-widget elementor-widget-spacer\" data-id=\"19c81e6\" data-element_type=\"widget\" data-e-type=\"widget\" data-widget_type=\"spacer.default\">\n\t\t\t\t<div class=\"elementor-widget-container\">\n\t\t\t\t\t\t\t<div class=\"elementor-spacer\">\n\t\t\t<div class=\"elementor-spacer-inner\"><\/div>\n\t\t<\/div>\n\t\t\t\t\t\t<\/div>\n\t\t\t\t<\/div>\n\t\t\t\t\t<\/div>\n\t\t<\/div>\n\t\t\t\t\t<\/div>\n\t\t<\/section>\n\t\t\t\t<\/div>\n\t\t","protected":false},"excerpt":{"rendered":"<p>VI\u00c1TICOS Resoluci\u00f3n N\u00ba 2327\/14 Resoluci\u00f3n N\u00ba 105\/22 Descargar Formulario Montos a abonar en concepto de vi\u00e1tico diario Sector Dedicaci\u00f3n Vi\u00e1tico Diario Autoridades Superiores Exclusiva $&hellip;<\/p>\n","protected":false},"author":4,"featured_media":0,"parent":0,"menu_order":0,"comment_status":"closed","ping_status":"closed","template":"elementor_header_footer","meta":{"_monsterinsights_skip_tracking":false,"_monsterinsights_sitenote_active":false,"_monsterinsights_sitenote_note":"","_monsterinsights_sitenote_category":0,"footnotes":""},"class_list":["post-1164","page","type-page","status-publish","hentry"],"yoast_head":"<!-- This site is optimized with the Yoast SEO plugin v27.6 - https:\/\/yoast.com\/product\/yoast-seo-wordpress\/ -->\n<title>Vi\u00e1ticos - Subsecretar\u00eda de Infraestructura, Inform\u00e1tica y Servicios Comunes<\/title>\n<meta name=\"robots\" content=\"index, follow, max-snippet:-1, max-image-preview:large, max-video-preview:-1\" \/>\n<link rel=\"canonical\" href=\"https:\/\/siisc.fica.unsl.edu.ar\/index.php\/viaticos\/\" \/>\n<meta property=\"og:locale\" content=\"es_ES\" \/>\n<meta property=\"og:type\" content=\"article\" \/>\n<meta property=\"og:title\" content=\"Vi\u00e1ticos - Subsecretar\u00eda de Infraestructura, Inform\u00e1tica y Servicios Comunes\" \/>\n<meta property=\"og:description\" content=\"VI\u00c1TICOS Resoluci\u00f3n N\u00ba 2327\/14 Resoluci\u00f3n N\u00ba 105\/22 Descargar Formulario Montos a abonar en concepto de vi\u00e1tico diario Sector Dedicaci\u00f3n Vi\u00e1tico Diario Autoridades Superiores Exclusiva $&hellip;\" \/>\n<meta property=\"og:url\" content=\"https:\/\/siisc.fica.unsl.edu.ar\/index.php\/viaticos\/\" \/>\n<meta property=\"og:site_name\" content=\"Subsecretar\u00eda de Infraestructura, Inform\u00e1tica y Servicios Comunes\" \/>\n<meta property=\"article:modified_time\" content=\"2022-03-31T11:26:23+00:00\" \/>\n<meta name=\"twitter:card\" content=\"summary_large_image\" \/>\n<meta name=\"twitter:label1\" content=\"Tiempo de lectura\" \/>\n\t<meta name=\"twitter:data1\" content=\"1 minuto\" \/>\n<script type=\"application\/ld+json\" class=\"yoast-schema-graph\">{\"@context\":\"https:\\\/\\\/schema.org\",\"@graph\":[{\"@type\":\"WebPage\",\"@id\":\"https:\\\/\\\/siisc.fica.unsl.edu.ar\\\/index.php\\\/viaticos\\\/\",\"url\":\"https:\\\/\\\/siisc.fica.unsl.edu.ar\\\/index.php\\\/viaticos\\\/\",\"name\":\"Vi\u00e1ticos - Subsecretar\u00eda de Infraestructura, Inform\u00e1tica y Servicios Comunes\",\"isPartOf\":{\"@id\":\"https:\\\/\\\/siisc.fica.unsl.edu.ar\\\/#website\"},\"datePublished\":\"2021-05-06T14:38:22+00:00\",\"dateModified\":\"2022-03-31T11:26:23+00:00\",\"breadcrumb\":{\"@id\":\"https:\\\/\\\/siisc.fica.unsl.edu.ar\\\/index.php\\\/viaticos\\\/#breadcrumb\"},\"inLanguage\":\"es-AR\",\"potentialAction\":[{\"@type\":\"ReadAction\",\"target\":[\"https:\\\/\\\/siisc.fica.unsl.edu.ar\\\/index.php\\\/viaticos\\\/\"]}]},{\"@type\":\"BreadcrumbList\",\"@id\":\"https:\\\/\\\/siisc.fica.unsl.edu.ar\\\/index.php\\\/viaticos\\\/#breadcrumb\",\"itemListElement\":[{\"@type\":\"ListItem\",\"position\":1,\"name\":\"Inicio\",\"item\":\"https:\\\/\\\/siisc.fica.unsl.edu.ar\\\/\"},{\"@type\":\"ListItem\",\"position\":2,\"name\":\"Vi\u00e1ticos\"}]},{\"@type\":\"WebSite\",\"@id\":\"https:\\\/\\\/siisc.fica.unsl.edu.ar\\\/#website\",\"url\":\"https:\\\/\\\/siisc.fica.unsl.edu.ar\\\/\",\"name\":\"Subsecretar\u00eda de Infraestructura, Inform\u00e1tica y Servicios Comunes\",\"description\":\"SIISC\",\"publisher\":{\"@id\":\"https:\\\/\\\/siisc.fica.unsl.edu.ar\\\/#organization\"},\"potentialAction\":[{\"@type\":\"SearchAction\",\"target\":{\"@type\":\"EntryPoint\",\"urlTemplate\":\"https:\\\/\\\/siisc.fica.unsl.edu.ar\\\/?s={search_term_string}\"},\"query-input\":{\"@type\":\"PropertyValueSpecification\",\"valueRequired\":true,\"valueName\":\"search_term_string\"}}],\"inLanguage\":\"es-AR\"},{\"@type\":\"Organization\",\"@id\":\"https:\\\/\\\/siisc.fica.unsl.edu.ar\\\/#organization\",\"name\":\"SAC- Secretar\u00eda Administrativa FICA\",\"url\":\"https:\\\/\\\/siisc.fica.unsl.edu.ar\\\/\",\"logo\":{\"@type\":\"ImageObject\",\"inLanguage\":\"es-AR\",\"@id\":\"https:\\\/\\\/siisc.fica.unsl.edu.ar\\\/#\\\/schema\\\/logo\\\/image\\\/\",\"url\":\"https:\\\/\\\/i1.wp.com\\\/sad.fica.unsl.edu.ar\\\/wp-content\\\/uploads\\\/2021\\\/05\\\/SAD-logo.png?fit=4483%2C1231\",\"contentUrl\":\"https:\\\/\\\/i1.wp.com\\\/sad.fica.unsl.edu.ar\\\/wp-content\\\/uploads\\\/2021\\\/05\\\/SAD-logo.png?fit=4483%2C1231\",\"width\":4483,\"height\":1231,\"caption\":\"SAC- Secretar\u00eda Administrativa FICA\"},\"image\":{\"@id\":\"https:\\\/\\\/siisc.fica.unsl.edu.ar\\\/#\\\/schema\\\/logo\\\/image\\\/\"}}]}<\/script>\n<!-- \/ Yoast SEO plugin. -->","yoast_head_json":{"title":"Vi\u00e1ticos - Subsecretar\u00eda de Infraestructura, Inform\u00e1tica y Servicios Comunes","robots":{"index":"index","follow":"follow","max-snippet":"max-snippet:-1","max-image-preview":"max-image-preview:large","max-video-preview":"max-video-preview:-1"},"canonical":"https:\/\/siisc.fica.unsl.edu.ar\/index.php\/viaticos\/","og_locale":"es_ES","og_type":"article","og_title":"Vi\u00e1ticos - Subsecretar\u00eda de Infraestructura, Inform\u00e1tica y Servicios Comunes","og_description":"VI\u00c1TICOS Resoluci\u00f3n N\u00ba 2327\/14 Resoluci\u00f3n N\u00ba 105\/22 Descargar Formulario Montos a abonar en concepto de vi\u00e1tico diario Sector Dedicaci\u00f3n Vi\u00e1tico Diario Autoridades Superiores Exclusiva $&hellip;","og_url":"https:\/\/siisc.fica.unsl.edu.ar\/index.php\/viaticos\/","og_site_name":"Subsecretar\u00eda de Infraestructura, Inform\u00e1tica y Servicios Comunes","article_modified_time":"2022-03-31T11:26:23+00:00","twitter_card":"summary_large_image","twitter_misc":{"Tiempo de lectura":"1 minuto"},"schema":{"@context":"https:\/\/schema.org","@graph":[{"@type":"WebPage","@id":"https:\/\/siisc.fica.unsl.edu.ar\/index.php\/viaticos\/","url":"https:\/\/siisc.fica.unsl.edu.ar\/index.php\/viaticos\/","name":"Vi\u00e1ticos - Subsecretar\u00eda de Infraestructura, Inform\u00e1tica y Servicios Comunes","isPartOf":{"@id":"https:\/\/siisc.fica.unsl.edu.ar\/#website"},"datePublished":"2021-05-06T14:38:22+00:00","dateModified":"2022-03-31T11:26:23+00:00","breadcrumb":{"@id":"https:\/\/siisc.fica.unsl.edu.ar\/index.php\/viaticos\/#breadcrumb"},"inLanguage":"es-AR","potentialAction":[{"@type":"ReadAction","target":["https:\/\/siisc.fica.unsl.edu.ar\/index.php\/viaticos\/"]}]},{"@type":"BreadcrumbList","@id":"https:\/\/siisc.fica.unsl.edu.ar\/index.php\/viaticos\/#breadcrumb","itemListElement":[{"@type":"ListItem","position":1,"name":"Inicio","item":"https:\/\/siisc.fica.unsl.edu.ar\/"},{"@type":"ListItem","position":2,"name":"Vi\u00e1ticos"}]},{"@type":"WebSite","@id":"https:\/\/siisc.fica.unsl.edu.ar\/#website","url":"https:\/\/siisc.fica.unsl.edu.ar\/","name":"Subsecretar\u00eda de Infraestructura, Inform\u00e1tica y Servicios Comunes","description":"SIISC","publisher":{"@id":"https:\/\/siisc.fica.unsl.edu.ar\/#organization"},"potentialAction":[{"@type":"SearchAction","target":{"@type":"EntryPoint","urlTemplate":"https:\/\/siisc.fica.unsl.edu.ar\/?s={search_term_string}"},"query-input":{"@type":"PropertyValueSpecification","valueRequired":true,"valueName":"search_term_string"}}],"inLanguage":"es-AR"},{"@type":"Organization","@id":"https:\/\/siisc.fica.unsl.edu.ar\/#organization","name":"SAC- Secretar\u00eda Administrativa FICA","url":"https:\/\/siisc.fica.unsl.edu.ar\/","logo":{"@type":"ImageObject","inLanguage":"es-AR","@id":"https:\/\/siisc.fica.unsl.edu.ar\/#\/schema\/logo\/image\/","url":"https:\/\/i1.wp.com\/sad.fica.unsl.edu.ar\/wp-content\/uploads\/2021\/05\/SAD-logo.png?fit=4483%2C1231","contentUrl":"https:\/\/i1.wp.com\/sad.fica.unsl.edu.ar\/wp-content\/uploads\/2021\/05\/SAD-logo.png?fit=4483%2C1231","width":4483,"height":1231,"caption":"SAC- Secretar\u00eda Administrativa FICA"},"image":{"@id":"https:\/\/siisc.fica.unsl.edu.ar\/#\/schema\/logo\/image\/"}}]}},"_links":{"self":[{"href":"https:\/\/siisc.fica.unsl.edu.ar\/index.php\/wp-json\/wp\/v2\/pages\/1164","targetHints":{"allow":["GET"]}}],"collection":[{"href":"https:\/\/siisc.fica.unsl.edu.ar\/index.php\/wp-json\/wp\/v2\/pages"}],"about":[{"href":"https:\/\/siisc.fica.unsl.edu.ar\/index.php\/wp-json\/wp\/v2\/types\/page"}],"author":[{"embeddable":true,"href":"https:\/\/siisc.fica.unsl.edu.ar\/index.php\/wp-json\/wp\/v2\/users\/4"}],"replies":[{"embeddable":true,"href":"https:\/\/siisc.fica.unsl.edu.ar\/index.php\/wp-json\/wp\/v2\/comments?post=1164"}],"version-history":[{"count":50,"href":"https:\/\/siisc.fica.unsl.edu.ar\/index.php\/wp-json\/wp\/v2\/pages\/1164\/revisions"}],"predecessor-version":[{"id":1406,"href":"https:\/\/siisc.fica.unsl.edu.ar\/index.php\/wp-json\/wp\/v2\/pages\/1164\/revisions\/1406"}],"wp:attachment":[{"href":"https:\/\/siisc.fica.unsl.edu.ar\/index.php\/wp-json\/wp\/v2\/media?parent=1164"}],"curies":[{"name":"wp","href":"https:\/\/api.w.org\/{rel}","templated":true}]}}