{"id":961,"date":"2021-04-15T10:16:50","date_gmt":"2021-04-15T13:16:50","guid":{"rendered":"http:\/\/10.101.10.196\/siisc\/?page_id=961"},"modified":"2026-03-10T12:34:34","modified_gmt":"2026-03-10T15:34:34","slug":"la-secretaria","status":"publish","type":"page","link":"https:\/\/siisc.fica.unsl.edu.ar\/index.php\/la-secretaria\/","title":{"rendered":"La Secretar\u00eda"},"content":{"rendered":"\t\t<div data-elementor-type=\"wp-page\" data-elementor-id=\"961\" class=\"elementor elementor-961\">\n\t\t\t\t\t\t<section class=\"elementor-section elementor-top-section elementor-element elementor-element-ef4e20c elementor-section-full_width elementor-section-height-default elementor-section-height-default exad-glass-effect-no exad-sticky-section-no\" data-id=\"ef4e20c\" data-element_type=\"section\" data-settings=\"{&quot;background_background&quot;:&quot;classic&quot;}\">\n\t\t\t\t\t\t\t<div class=\"elementor-background-overlay\"><\/div>\n\t\t\t\t\t\t\t<div class=\"elementor-container elementor-column-gap-default\">\n\t\t\t\t\t<div class=\"elementor-column elementor-col-100 elementor-top-column elementor-element elementor-element-44347d5 exad-glass-effect-no exad-sticky-section-no\" data-id=\"44347d5\" data-element_type=\"column\" data-settings=\"{&quot;background_background&quot;:&quot;classic&quot;}\">\n\t\t\t<div class=\"elementor-widget-wrap elementor-element-populated\">\n\t\t\t\t\t\t<div class=\"elementor-element elementor-element-72b2cc4 exad-sticky-section-no exad-glass-effect-no elementor-widget elementor-widget-button\" data-id=\"72b2cc4\" data-element_type=\"widget\" data-widget_type=\"button.default\">\n\t\t\t\t<div class=\"elementor-widget-container\">\n\t\t\t\t\t\t\t\t\t<div class=\"elementor-button-wrapper\">\n\t\t\t\t\t<a class=\"elementor-button elementor-size-sm\" role=\"button\">\n\t\t\t\t\t\t<span class=\"elementor-button-content-wrapper\">\n\t\t\t\t\t\t\t\t\t<span class=\"elementor-button-text\">SECRETAR\u00cdA DE INFRAESTRUCTURA, INFORM\u00c1TICA Y SERVICIOS COMUNES<\/span>\n\t\t\t\t\t<\/span>\n\t\t\t\t\t<\/a>\n\t\t\t\t<\/div>\n\t\t\t\t\t\t\t\t<\/div>\n\t\t\t\t<\/div>\n\t\t\t\t<section class=\"elementor-section elementor-inner-section elementor-element elementor-element-a8e56fb elementor-section-full_width elementor-section-height-default elementor-section-height-default exad-glass-effect-no exad-sticky-section-no\" data-id=\"a8e56fb\" data-element_type=\"section\">\n\t\t\t\t\t\t<div class=\"elementor-container elementor-column-gap-no\">\n\t\t\t\t\t<div class=\"elementor-column elementor-col-50 elementor-inner-column elementor-element elementor-element-8859d1c exad-glass-effect-no exad-sticky-section-no\" data-id=\"8859d1c\" data-element_type=\"column\">\n\t\t\t<div class=\"elementor-widget-wrap elementor-element-populated\">\n\t\t\t\t\t\t<div class=\"elementor-element elementor-element-aeedaa7 exad-sticky-section-no exad-glass-effect-no elementor-widget elementor-widget-heading\" data-id=\"aeedaa7\" data-element_type=\"widget\" data-widget_type=\"heading.default\">\n\t\t\t\t<div class=\"elementor-widget-container\">\n\t\t\t\t\t<h2 class=\"elementor-heading-title elementor-size-default\">Secretario <\/h2>\t\t\t\t<\/div>\n\t\t\t\t<\/div>\n\t\t\t\t\t<\/div>\n\t\t<\/div>\n\t\t\t\t<div class=\"elementor-column elementor-col-50 elementor-inner-column elementor-element elementor-element-624dd28 exad-glass-effect-no exad-sticky-section-no\" data-id=\"624dd28\" data-element_type=\"column\">\n\t\t\t<div class=\"elementor-widget-wrap\">\n\t\t\t\t\t\t\t<\/div>\n\t\t<\/div>\n\t\t\t\t\t<\/div>\n\t\t<\/section>\n\t\t\t\t<section class=\"elementor-section elementor-inner-section elementor-element elementor-element-843917b elementor-section-full_width elementor-section-height-default elementor-section-height-default exad-glass-effect-no exad-sticky-section-no\" data-id=\"843917b\" data-element_type=\"section\">\n\t\t\t\t\t\t<div class=\"elementor-container elementor-column-gap-no\">\n\t\t\t\t\t<div class=\"elementor-column elementor-col-20 elementor-inner-column elementor-element elementor-element-6fa1a04 exad-glass-effect-no exad-sticky-section-no\" data-id=\"6fa1a04\" data-element_type=\"column\">\n\t\t\t<div class=\"elementor-widget-wrap\">\n\t\t\t\t\t\t\t<\/div>\n\t\t<\/div>\n\t\t\t\t<div class=\"elementor-column elementor-col-20 elementor-inner-column elementor-element elementor-element-ba71251 exad-glass-effect-no exad-sticky-section-no\" data-id=\"ba71251\" data-element_type=\"column\">\n\t\t\t<div class=\"elementor-widget-wrap elementor-element-populated\">\n\t\t\t\t\t\t<div class=\"elementor-element elementor-element-4657fa6 exad-sticky-section-no exad-glass-effect-no elementor-widget elementor-widget-heading\" data-id=\"4657fa6\" data-element_type=\"widget\" data-widget_type=\"heading.default\">\n\t\t\t\t<div class=\"elementor-widget-container\">\n\t\t\t\t\t<h2 class=\"elementor-heading-title elementor-size-default\">Esp. Ing. Lucas RODRIGO<\/h2>\t\t\t\t<\/div>\n\t\t\t\t<\/div>\n\t\t\t\t\t<\/div>\n\t\t<\/div>\n\t\t\t\t<div class=\"elementor-column elementor-col-20 elementor-inner-column elementor-element elementor-element-f320deb exad-glass-effect-no exad-sticky-section-no\" data-id=\"f320deb\" data-element_type=\"column\">\n\t\t\t<div class=\"elementor-widget-wrap elementor-element-populated\">\n\t\t\t\t\t\t<div class=\"elementor-element elementor-element-e479e0e elementor-position-left elementor-view-default elementor-mobile-position-top exad-sticky-section-no exad-glass-effect-no elementor-widget elementor-widget-icon-box\" data-id=\"e479e0e\" data-element_type=\"widget\" data-widget_type=\"icon-box.default\">\n\t\t\t\t<div class=\"elementor-widget-container\">\n\t\t\t\t\t\t\t<div class=\"elementor-icon-box-wrapper\">\n\n\t\t\t\t\t\t<div class=\"elementor-icon-box-icon\">\n\t\t\t\t<a href=\"mailto:fica.secretaria.adm@gmail.com\" class=\"elementor-icon\" tabindex=\"-1\">\n\t\t\t\t<i aria-hidden=\"true\" class=\"fas fa-envelope\"><\/i>\t\t\t\t<\/a>\n\t\t\t<\/div>\n\t\t\t\n\t\t\t\n\t\t<\/div>\n\t\t\t\t\t\t<\/div>\n\t\t\t\t<\/div>\n\t\t\t\t\t<\/div>\n\t\t<\/div>\n\t\t\t\t<div class=\"elementor-column elementor-col-20 elementor-inner-column elementor-element elementor-element-8d6c17b exad-glass-effect-no exad-sticky-section-no\" data-id=\"8d6c17b\" data-element_type=\"column\">\n\t\t\t<div class=\"elementor-widget-wrap elementor-element-populated\">\n\t\t\t\t\t\t<div class=\"elementor-element elementor-element-ff6d7c6 elementor-position-left elementor-view-default elementor-mobile-position-top exad-sticky-section-no exad-glass-effect-no elementor-widget elementor-widget-icon-box\" data-id=\"ff6d7c6\" data-element_type=\"widget\" data-widget_type=\"icon-box.default\">\n\t\t\t\t<div class=\"elementor-widget-container\">\n\t\t\t\t\t\t\t<div class=\"elementor-icon-box-wrapper\">\n\n\t\t\t\t\t\t<div class=\"elementor-icon-box-icon\">\n\t\t\t\t<span  class=\"elementor-icon\">\n\t\t\t\t<i aria-hidden=\"true\" class=\"fas fa-phone-alt\"><\/i>\t\t\t\t<\/span>\n\t\t\t<\/div>\n\t\t\t\n\t\t\t\t\t\t<div class=\"elementor-icon-box-content\">\n\n\t\t\t\t\n\t\t\t\t\t\t\t\t\t<p class=\"elementor-icon-box-description\">\n\t\t\t\t\t\t531000 Int. 7357\t\t\t\t\t<\/p>\n\t\t\t\t\n\t\t\t<\/div>\n\t\t\t\n\t\t<\/div>\n\t\t\t\t\t\t<\/div>\n\t\t\t\t<\/div>\n\t\t\t\t\t<\/div>\n\t\t<\/div>\n\t\t\t\t<div class=\"elementor-column elementor-col-20 elementor-inner-column elementor-element elementor-element-57da3b6 exad-glass-effect-no exad-sticky-section-no\" data-id=\"57da3b6\" data-element_type=\"column\">\n\t\t\t<div class=\"elementor-widget-wrap\">\n\t\t\t\t\t\t\t<\/div>\n\t\t<\/div>\n\t\t\t\t\t<\/div>\n\t\t<\/section>\n\t\t\t\t<div class=\"elementor-element elementor-element-975ee93 exad-sticky-section-no exad-glass-effect-no elementor-widget elementor-widget-spacer\" data-id=\"975ee93\" data-element_type=\"widget\" data-widget_type=\"spacer.default\">\n\t\t\t\t<div class=\"elementor-widget-container\">\n\t\t\t\t\t\t\t<div class=\"elementor-spacer\">\n\t\t\t<div class=\"elementor-spacer-inner\"><\/div>\n\t\t<\/div>\n\t\t\t\t\t\t<\/div>\n\t\t\t\t<\/div>\n\t\t\t\t\t<\/div>\n\t\t<\/div>\n\t\t\t\t\t<\/div>\n\t\t<\/section>\n\t\t\t\t<section class=\"elementor-section elementor-top-section elementor-element elementor-element-00d5b70 elementor-section-boxed elementor-section-height-default elementor-section-height-default exad-glass-effect-no exad-sticky-section-no\" data-id=\"00d5b70\" data-element_type=\"section\">\n\t\t\t\t\t\t<div class=\"elementor-container elementor-column-gap-default\">\n\t\t\t\t\t<div class=\"elementor-column elementor-col-100 elementor-top-column elementor-element elementor-element-285e66b exad-glass-effect-no exad-sticky-section-no\" data-id=\"285e66b\" data-element_type=\"column\">\n\t\t\t<div class=\"elementor-widget-wrap elementor-element-populated\">\n\t\t\t\t\t\t<div class=\"elementor-element elementor-element-19c81e6 exad-sticky-section-no exad-glass-effect-no elementor-widget elementor-widget-spacer\" data-id=\"19c81e6\" data-element_type=\"widget\" data-widget_type=\"spacer.default\">\n\t\t\t\t<div class=\"elementor-widget-container\">\n\t\t\t\t\t\t\t<div class=\"elementor-spacer\">\n\t\t\t<div class=\"elementor-spacer-inner\"><\/div>\n\t\t<\/div>\n\t\t\t\t\t\t<\/div>\n\t\t\t\t<\/div>\n\t\t\t\t\t<\/div>\n\t\t<\/div>\n\t\t\t\t\t<\/div>\n\t\t<\/section>\n\t\t\t\t<\/div>\n\t\t","protected":false},"excerpt":{"rendered":"<p>SECRETAR\u00cdA DE INFRAESTRUCTURA, INFORM\u00c1TICA Y SERVICIOS COMUNES Secretario Esp. Ing. Lucas RODRIGO 531000 Int. 7357<\/p>\n","protected":false},"author":4,"featured_media":0,"parent":0,"menu_order":0,"comment_status":"closed","ping_status":"closed","template":"elementor_header_footer","meta":{"_monsterinsights_skip_tracking":false,"_monsterinsights_sitenote_active":false,"_monsterinsights_sitenote_note":"","_monsterinsights_sitenote_category":0,"footnotes":""},"class_list":["post-961","page","type-page","status-publish","hentry"],"aioseo_notices":[],"yoast_head":"<!-- This site is optimized with the Yoast SEO plugin v26.9 - https:\/\/yoast.com\/product\/yoast-seo-wordpress\/ -->\n<title>La Secretar\u00eda - Secretar\u00eda de Infraestructura, Inform\u00e1tica y Servicios Comunes<\/title>\n<meta name=\"robots\" content=\"index, follow, max-snippet:-1, max-image-preview:large, max-video-preview:-1\" \/>\n<link rel=\"canonical\" href=\"https:\/\/siisc.fica.unsl.edu.ar\/index.php\/la-secretaria\/\" \/>\n<meta property=\"og:locale\" content=\"es_ES\" \/>\n<meta property=\"og:type\" content=\"article\" \/>\n<meta property=\"og:title\" content=\"La Secretar\u00eda - Secretar\u00eda de Infraestructura, Inform\u00e1tica y Servicios Comunes\" \/>\n<meta property=\"og:description\" content=\"SECRETAR\u00cdA DE INFRAESTRUCTURA, INFORM\u00c1TICA Y SERVICIOS COMUNES Secretario Esp. Ing. Lucas RODRIGO 531000 Int. 7357\" \/>\n<meta property=\"og:url\" content=\"https:\/\/siisc.fica.unsl.edu.ar\/index.php\/la-secretaria\/\" \/>\n<meta property=\"og:site_name\" content=\"Secretar\u00eda de Infraestructura, Inform\u00e1tica y Servicios Comunes\" \/>\n<meta property=\"article:modified_time\" content=\"2026-03-10T15:34:34+00:00\" \/>\n<meta name=\"twitter:card\" content=\"summary_large_image\" \/>\n<meta name=\"twitter:label1\" content=\"Tiempo de lectura\" \/>\n\t<meta name=\"twitter:data1\" content=\"1 minuto\" \/>\n<script type=\"application\/ld+json\" class=\"yoast-schema-graph\">{\"@context\":\"https:\/\/schema.org\",\"@graph\":[{\"@type\":\"WebPage\",\"@id\":\"https:\/\/siisc.fica.unsl.edu.ar\/index.php\/la-secretaria\/\",\"url\":\"https:\/\/siisc.fica.unsl.edu.ar\/index.php\/la-secretaria\/\",\"name\":\"La Secretar\u00eda - Secretar\u00eda de Infraestructura, Inform\u00e1tica y Servicios Comunes\",\"isPartOf\":{\"@id\":\"https:\/\/siisc.fica.unsl.edu.ar\/#website\"},\"datePublished\":\"2021-04-15T13:16:50+00:00\",\"dateModified\":\"2026-03-10T15:34:34+00:00\",\"breadcrumb\":{\"@id\":\"https:\/\/siisc.fica.unsl.edu.ar\/index.php\/la-secretaria\/#breadcrumb\"},\"inLanguage\":\"es-AR\",\"potentialAction\":[{\"@type\":\"ReadAction\",\"target\":[\"https:\/\/siisc.fica.unsl.edu.ar\/index.php\/la-secretaria\/\"]}]},{\"@type\":\"BreadcrumbList\",\"@id\":\"https:\/\/siisc.fica.unsl.edu.ar\/index.php\/la-secretaria\/#breadcrumb\",\"itemListElement\":[{\"@type\":\"ListItem\",\"position\":1,\"name\":\"Inicio\",\"item\":\"https:\/\/siisc.fica.unsl.edu.ar\/\"},{\"@type\":\"ListItem\",\"position\":2,\"name\":\"La Secretar\u00eda\"}]},{\"@type\":\"WebSite\",\"@id\":\"https:\/\/siisc.fica.unsl.edu.ar\/#website\",\"url\":\"https:\/\/siisc.fica.unsl.edu.ar\/\",\"name\":\"Secretar\u00eda de Infraestructura, Inform\u00e1tica y Servicios Comunes\",\"description\":\"SIISC\",\"publisher\":{\"@id\":\"https:\/\/siisc.fica.unsl.edu.ar\/#organization\"},\"potentialAction\":[{\"@type\":\"SearchAction\",\"target\":{\"@type\":\"EntryPoint\",\"urlTemplate\":\"https:\/\/siisc.fica.unsl.edu.ar\/?s={search_term_string}\"},\"query-input\":{\"@type\":\"PropertyValueSpecification\",\"valueRequired\":true,\"valueName\":\"search_term_string\"}}],\"inLanguage\":\"es-AR\"},{\"@type\":\"Organization\",\"@id\":\"https:\/\/siisc.fica.unsl.edu.ar\/#organization\",\"name\":\"SAC- Secretar\u00eda Administrativa FICA\",\"url\":\"https:\/\/siisc.fica.unsl.edu.ar\/\",\"logo\":{\"@type\":\"ImageObject\",\"inLanguage\":\"es-AR\",\"@id\":\"https:\/\/siisc.fica.unsl.edu.ar\/#\/schema\/logo\/image\/\",\"url\":\"https:\/\/i1.wp.com\/sad.fica.unsl.edu.ar\/wp-content\/uploads\/2021\/05\/SAD-logo.png?fit=4483%2C1231\",\"contentUrl\":\"https:\/\/i1.wp.com\/sad.fica.unsl.edu.ar\/wp-content\/uploads\/2021\/05\/SAD-logo.png?fit=4483%2C1231\",\"width\":4483,\"height\":1231,\"caption\":\"SAC- Secretar\u00eda Administrativa FICA\"},\"image\":{\"@id\":\"https:\/\/siisc.fica.unsl.edu.ar\/#\/schema\/logo\/image\/\"}}]}<\/script>\n<!-- \/ Yoast SEO plugin. -->","yoast_head_json":{"title":"La Secretar\u00eda - Secretar\u00eda de Infraestructura, Inform\u00e1tica y Servicios Comunes","robots":{"index":"index","follow":"follow","max-snippet":"max-snippet:-1","max-image-preview":"max-image-preview:large","max-video-preview":"max-video-preview:-1"},"canonical":"https:\/\/siisc.fica.unsl.edu.ar\/index.php\/la-secretaria\/","og_locale":"es_ES","og_type":"article","og_title":"La Secretar\u00eda - Secretar\u00eda de Infraestructura, Inform\u00e1tica y Servicios Comunes","og_description":"SECRETAR\u00cdA DE INFRAESTRUCTURA, INFORM\u00c1TICA Y SERVICIOS COMUNES Secretario Esp. Ing. Lucas RODRIGO 531000 Int. 7357","og_url":"https:\/\/siisc.fica.unsl.edu.ar\/index.php\/la-secretaria\/","og_site_name":"Secretar\u00eda de Infraestructura, Inform\u00e1tica y Servicios Comunes","article_modified_time":"2026-03-10T15:34:34+00:00","twitter_card":"summary_large_image","twitter_misc":{"Tiempo de lectura":"1 minuto"},"schema":{"@context":"https:\/\/schema.org","@graph":[{"@type":"WebPage","@id":"https:\/\/siisc.fica.unsl.edu.ar\/index.php\/la-secretaria\/","url":"https:\/\/siisc.fica.unsl.edu.ar\/index.php\/la-secretaria\/","name":"La Secretar\u00eda - Secretar\u00eda de Infraestructura, Inform\u00e1tica y Servicios Comunes","isPartOf":{"@id":"https:\/\/siisc.fica.unsl.edu.ar\/#website"},"datePublished":"2021-04-15T13:16:50+00:00","dateModified":"2026-03-10T15:34:34+00:00","breadcrumb":{"@id":"https:\/\/siisc.fica.unsl.edu.ar\/index.php\/la-secretaria\/#breadcrumb"},"inLanguage":"es-AR","potentialAction":[{"@type":"ReadAction","target":["https:\/\/siisc.fica.unsl.edu.ar\/index.php\/la-secretaria\/"]}]},{"@type":"BreadcrumbList","@id":"https:\/\/siisc.fica.unsl.edu.ar\/index.php\/la-secretaria\/#breadcrumb","itemListElement":[{"@type":"ListItem","position":1,"name":"Inicio","item":"https:\/\/siisc.fica.unsl.edu.ar\/"},{"@type":"ListItem","position":2,"name":"La Secretar\u00eda"}]},{"@type":"WebSite","@id":"https:\/\/siisc.fica.unsl.edu.ar\/#website","url":"https:\/\/siisc.fica.unsl.edu.ar\/","name":"Secretar\u00eda de Infraestructura, Inform\u00e1tica y Servicios Comunes","description":"SIISC","publisher":{"@id":"https:\/\/siisc.fica.unsl.edu.ar\/#organization"},"potentialAction":[{"@type":"SearchAction","target":{"@type":"EntryPoint","urlTemplate":"https:\/\/siisc.fica.unsl.edu.ar\/?s={search_term_string}"},"query-input":{"@type":"PropertyValueSpecification","valueRequired":true,"valueName":"search_term_string"}}],"inLanguage":"es-AR"},{"@type":"Organization","@id":"https:\/\/siisc.fica.unsl.edu.ar\/#organization","name":"SAC- Secretar\u00eda Administrativa FICA","url":"https:\/\/siisc.fica.unsl.edu.ar\/","logo":{"@type":"ImageObject","inLanguage":"es-AR","@id":"https:\/\/siisc.fica.unsl.edu.ar\/#\/schema\/logo\/image\/","url":"https:\/\/i1.wp.com\/sad.fica.unsl.edu.ar\/wp-content\/uploads\/2021\/05\/SAD-logo.png?fit=4483%2C1231","contentUrl":"https:\/\/i1.wp.com\/sad.fica.unsl.edu.ar\/wp-content\/uploads\/2021\/05\/SAD-logo.png?fit=4483%2C1231","width":4483,"height":1231,"caption":"SAC- Secretar\u00eda Administrativa FICA"},"image":{"@id":"https:\/\/siisc.fica.unsl.edu.ar\/#\/schema\/logo\/image\/"}}]}},"_links":{"self":[{"href":"https:\/\/siisc.fica.unsl.edu.ar\/index.php\/wp-json\/wp\/v2\/pages\/961","targetHints":{"allow":["GET"]}}],"collection":[{"href":"https:\/\/siisc.fica.unsl.edu.ar\/index.php\/wp-json\/wp\/v2\/pages"}],"about":[{"href":"https:\/\/siisc.fica.unsl.edu.ar\/index.php\/wp-json\/wp\/v2\/types\/page"}],"author":[{"embeddable":true,"href":"https:\/\/siisc.fica.unsl.edu.ar\/index.php\/wp-json\/wp\/v2\/users\/4"}],"replies":[{"embeddable":true,"href":"https:\/\/siisc.fica.unsl.edu.ar\/index.php\/wp-json\/wp\/v2\/comments?post=961"}],"version-history":[{"count":46,"href":"https:\/\/siisc.fica.unsl.edu.ar\/index.php\/wp-json\/wp\/v2\/pages\/961\/revisions"}],"predecessor-version":[{"id":1514,"href":"https:\/\/siisc.fica.unsl.edu.ar\/index.php\/wp-json\/wp\/v2\/pages\/961\/revisions\/1514"}],"wp:attachment":[{"href":"https:\/\/siisc.fica.unsl.edu.ar\/index.php\/wp-json\/wp\/v2\/media?parent=961"}],"curies":[{"name":"wp","href":"https:\/\/api.w.org\/{rel}","templated":true}]}}